{"id":4,"date":"2022-03-18T18:35:36","date_gmt":"2022-03-18T18:35:36","guid":{"rendered":"https:\/\/dorfgemeinschaft-ottersberg.de\/?page_id=4"},"modified":"2025-03-07T19:18:19","modified_gmt":"2025-03-07T18:18:19","slug":"willkommen-auf-https-dorfgemeinschaft-ottersberg-de","status":"publish","type":"page","link":"https:\/\/dorfgemeinschaft-ottersberg.de\/","title":{"rendered":"Willkommen auf https:\/\/dorfgemeinschaft-ottersberg.de"},"content":{"rendered":"<div data-colibri-id=\"4-c1\" class=\"style-306 style-local-4-c1 position-relative\">\n  <!---->\n  <div data-colibri-component=\"section\" data-colibri-id=\"4-c2\" id=\"initial-content\" class=\"h-section h-section-global-spacing d-flex align-items-lg-center align-items-md-center align-items-center style-307 style-local-4-c2 position-relative\">\n    <!---->\n    <!---->\n    <div class=\"h-section-grid-container h-section-boxed-container\">\n      <!---->\n      <div data-colibri-id=\"4-c3\" class=\"h-row-container gutters-row-lg-2 gutters-row-md-2 gutters-row-0 gutters-row-v-lg-2 gutters-row-v-md-2 gutters-row-v-2 style-308 style-local-4-c3 position-relative\">\n        <!---->\n        <div class=\"h-row justify-content-lg-center justify-content-md-center justify-content-center align-items-lg-stretch align-items-md-stretch align-items-stretch gutters-col-lg-2 gutters-col-md-2 gutters-col-0 gutters-col-v-lg-2 gutters-col-v-md-2 gutters-col-v-2\">\n          <!---->\n          <div class=\"h-column h-column-container d-flex h-col-lg-auto h-col-md-auto h-col-auto style-309-outer style-local-4-c4-outer\">\n            <div data-colibri-id=\"4-c4\" class=\"d-flex h-flex-basis h-column__inner h-px-lg-2 h-px-md-2 h-px-2 v-inner-lg-2 v-inner-md-2 v-inner-2 style-309 style-local-4-c4 position-relative\">\n              <!---->\n              <!---->\n              <div class=\"w-100 h-y-container h-column__content h-column__v-align flex-basis-100 align-self-lg-start align-self-md-start align-self-start\">\n                <!---->\n                <div data-colibri-id=\"4-c5\" class=\"h-global-transition-all h-heading style-319 style-local-4-c5 position-relative h-element\">\n                  <!---->\n                  <div class=\"h-heading__outer style-319 style-local-4-c5\">\n                    <!---->\n                    <!---->\n                    <h1 class=\"\"><span data-animation-duration=\"3.6\" data-type-animation=\"rotate-1\" data-colibri-component=\"fancy-title\"><span class=\"ah-headline rotate-1\"><span style=\"position: relative\" class=\"ah-words-wrapper\"><b class=\"is-visible\">Willkommen&nbsp;<\/b><b>Grias&nbsp;Eich<\/b><b>Servus<\/b><\/span><\/span>\n                      <\/span>bei der\n                      <br>Dorfgemeinschaft Ottersberg.<\/h1>\n                  <\/div>\n                <\/div>\n              <\/div>\n            <\/div>\n          <\/div>\n        <\/div>\n      <\/div>\n      <div data-colibri-id=\"4-c6\" class=\"h-row-container gutters-row-lg-2 gutters-row-md-2 gutters-row-0 gutters-row-v-lg-2 gutters-row-v-md-2 gutters-row-v-2 style-321 style-local-4-c6 position-relative\">\n        <!---->\n        <div class=\"h-row justify-content-lg-center justify-content-md-center justify-content-center align-items-lg-stretch align-items-md-stretch align-items-stretch gutters-col-lg-2 gutters-col-md-2 gutters-col-0 gutters-col-v-lg-2 gutters-col-v-md-2 gutters-col-v-2\">\n          <!---->\n          <div class=\"h-column h-column-container d-flex h-col-lg-auto h-col-md-auto h-col-auto style-322-outer style-local-4-c7-outer\">\n            <div data-colibri-id=\"4-c7\" class=\"d-flex h-flex-basis h-column__inner h-px-lg-3 h-px-md-3 h-px-3 v-inner-lg-3 v-inner-md-3 v-inner-3 style-322 style-local-4-c7 position-relative\">\n              <!---->\n              <!---->\n              <div class=\"w-100 h-y-container h-column__content h-column__v-align flex-basis-100 align-self-lg-start align-self-md-start align-self-start\">\n                <!---->\n                <div data-colibri-id=\"4-c8\" class=\"h-lead h-text h-text-component style-324 style-local-4-c8 position-relative h-element\">\n                  <!---->\n                  <!---->\n                  <div class=\"\">\n                    <p>Die aktiven Mitglieder der Dorfgemeinschaft Ottersberg engagieren sich zur F\u00f6rderung des guten Zusammenlebens,&nbsp;<span style=\"font-weight: 300; font-size: 20px; font-family: &quot;Open Sans&quot;; color: rgb(134, 133, 133);\"><br>der Kommunikation&nbsp;<\/span>und\n                      der gegenseitigen Unterst\u00fctzung \u00fcber Generationen hinweg,&nbsp;<span style=\"font-weight: 300; font-size: 20px; font-family: &quot;Open Sans&quot;; color: rgb(134, 133, 133);\">damit sich m\u00f6glichst alle Einwohner:innen in dieser Gemeinschaft einbringen und austauschen k\u00f6nnen und auch in Zukunft viel Freude daran haben,<br>in unserem beschaulichen Ottersberg zu leben.<\/span>\n                      <br>\n                      <br>Zu unseren Aufgaben geh\u00f6rt sowohl die Organisation unterschiedlichster Veranstaltungen wie z.B. der Sankt Martins Umzug, das Lindenfest oder die Maiandacht als auch&nbsp;<span style=\"font-weight: 300; font-size: 20px; font-family: &quot;Open Sans&quot;; color: rgb(134, 133, 133);\">die Pflege der Anlagen, Str\u00e4ucher und B\u00e4ume.<\/span>\n                      <br>\n                      <br>F\u00fcr unsere Motivation und im Sinne der Dorfgemeinschaft m\u00f6chten wir m\u00f6glichst viele Ottersberger:innen aus allen Altersgruppen ermutigen, Mitglied dieses Vereins zu werden.\n                      <br>\n                      <br>\n                    <\/p>\n                  <\/div>\n                <\/div>\n                <div data-colibri-id=\"4-c9\" class=\"h-row-container gutters-row-lg-0 gutters-row-md-0 gutters-row-0 gutters-row-v-lg-0 gutters-row-v-md-0 gutters-row-v-0 style-353 style-local-4-c9 position-relative\">\n                  <!---->\n                  <div class=\"h-row justify-content-lg-center justify-content-md-center justify-content-center align-items-lg-stretch align-items-md-stretch align-items-stretch gutters-col-lg-0 gutters-col-md-0 gutters-col-0 gutters-col-v-lg-0 gutters-col-v-md-0 gutters-col-v-0\">\n                    <!---->\n                    <div class=\"h-column h-column-container d-flex h-col-lg-auto h-col-md-auto h-col-auto style-354-outer style-local-4-c10-outer\">\n                      <div data-colibri-id=\"4-c10\" class=\"d-flex h-flex-basis h-column__inner h-px-lg-1 h-px-md-1 h-px-1 v-inner-lg-1 v-inner-md-1 v-inner-1 style-354 style-local-4-c10 position-relative\">\n                        <!---->\n                        <!---->\n                        <div class=\"w-100 h-y-container h-column__content h-column__v-align flex-basis-100 align-self-lg-start align-self-md-start align-self-start\">\n                          <!---->\n                          <div data-colibri-id=\"4-c11\" class=\"h-global-transition-all h-heading style-360 style-local-4-c11 position-relative h-element\">\n                            <!---->\n                            <div class=\"h-heading__outer style-360 style-local-4-c11\">\n                              <!---->\n                              <!---->\n                              <h3 class=\"\">Unterst\u00fctzen<\/h3>\n                            <\/div>\n                          <\/div>\n                          <div data-colibri-id=\"4-c12\" class=\"h-lead h-text h-text-component style-357 style-local-4-c12 position-relative h-element\">\n                            <!---->\n                            <!---->\n                            <div class=\"\">\n                              <p><span style=\"color: rgb(134, 133, 133); font-family: &quot;Open Sans&quot;; font-size: 20px; font-weight: 300;\">Sie unterst\u00fctzen den Verein in seinen vielf\u00e4ltigen Aufgaben und Zielsetzungen.<\/span><\/p>\n                            <\/div>\n                          <\/div>\n                        <\/div>\n                      <\/div>\n                    <\/div>\n                    <div class=\"h-column h-column-container d-flex h-col-lg-auto h-col-md-auto h-col-auto style-355-outer style-local-4-c13-outer\">\n                      <div data-colibri-id=\"4-c13\" class=\"d-flex h-flex-basis h-column__inner h-px-lg-1 h-px-md-1 h-px-1 v-inner-lg-1 v-inner-md-1 v-inner-1 style-355 style-local-4-c13 position-relative\">\n                        <!---->\n                        <!---->\n                        <div class=\"w-100 h-y-container h-column__content h-column__v-align flex-basis-100 align-self-lg-start align-self-md-start align-self-start\">\n                          <!---->\n                          <div data-colibri-id=\"4-c14\" class=\"h-global-transition-all h-heading style-361 style-local-4-c14 position-relative h-element\">\n                            <!---->\n                            <div class=\"h-heading__outer style-361 style-local-4-c14\">\n                              <!---->\n                              <!---->\n                              <h3 class=\"\">Gestalten<\/h3>\n                            <\/div>\n                          <\/div>\n                          <div data-colibri-id=\"4-c15\" class=\"h-text h-text-component style-358 style-local-4-c15 position-relative h-element\">\n                            <!---->\n                            <!---->\n                            <div class=\"\">\n                              <p><span style=\"font-weight: 300; font-size: 20px; font-family: &quot;Open Sans&quot;; color: rgb(134, 133, 133);\">Sie nehmen aktiv Einfluss an der Entwicklung des Dorfes und stehen mit Rat und Tat zur Seite.<\/span><\/p>\n                            <\/div>\n                          <\/div>\n                        <\/div>\n                      <\/div>\n                    <\/div>\n                    <div class=\"h-column h-column-container d-flex h-col-lg-auto h-col-md-auto h-col-auto style-356-outer style-local-4-c16-outer\">\n                      <div data-colibri-id=\"4-c16\" class=\"d-flex h-flex-basis h-column__inner h-px-lg-1 h-px-md-1 h-px-1 v-inner-lg-1 v-inner-md-1 v-inner-1 style-356 style-local-4-c16 position-relative\">\n                        <!---->\n                        <!---->\n                        <div class=\"w-100 h-y-container h-column__content h-column__v-align flex-basis-100 align-self-lg-start align-self-md-start align-self-start\">\n                          <!---->\n                          <div data-colibri-id=\"4-c17\" class=\"h-global-transition-all h-heading style-362 style-local-4-c17 position-relative h-element\">\n                            <!---->\n                            <div class=\"h-heading__outer style-362 style-local-4-c17\">\n                              <!---->\n                              <!---->\n                              <h3 class=\"\">Kontakten<\/h3>\n                            <\/div>\n                          <\/div>\n                          <div data-colibri-id=\"4-c18\" class=\"h-text h-text-component style-359 style-local-4-c18 position-relative h-element\">\n                            <!---->\n                            <!---->\n                            <div class=\"\">\n                              <p><span style=\"color: rgb(134, 133, 133); font-family: &quot;Open Sans&quot;; font-size: 20px; font-weight: 300;\">Sie schlie\u00dfen schnell neue&nbsp;Bekanntschaften durch den pers\u00f6nlichen Austausch mit Gleichgesinnten.<\/span><\/p>\n                            <\/div>\n                          <\/div>\n                        <\/div>\n                      <\/div>\n                    <\/div>\n                  <\/div>\n                <\/div>\n                <div data-colibri-id=\"4-c19\" class=\"h-text h-text-component style-363 style-local-4-c19 position-relative h-element\">\n                  <!---->\n                  <!---->\n                  <div class=\"\">\n                    <p><span style=\"font-weight: 300; font-size: 20px; font-family: &quot;Open Sans&quot;; color: rgb(134, 133, 133);\">Wenn Sie Interesse haben ein Mitglied der Dorfgemeinschaft Ottersberg zu werden, m\u00fcssen Sie lediglich einen Mitgliedsantrag ausf\u00fcllen. Kontaktieren Sie uns hier \u00fcber das Kontaktformular, oder sprechen Sie uns einfach pers\u00f6nlich an, wir helfen gerne.<\/span><\/p>\n                    <p>\n                      <br>\n                    <\/p>\n                    <p><span style=\"font-weight: 300; font-size: 20px; font-family: &quot;Open Sans&quot;; color: rgb(134, 133, 133);\">Und noch etwas\u2026 die Mitgliedschaft ist und bleibt kostenlos.<\/span><\/p>\n                    <p>\n                      <br>\n                    <\/p>\n                  <\/div>\n                <\/div>\n              <\/div>\n            <\/div>\n          <\/div>\n        <\/div>\n      <\/div>\n    <\/div>\n  <\/div>\n<\/div>","protected":false},"excerpt":{"rendered":"<p>Willkommen&nbsp;Grias&nbsp;EichServus bei der Dorfgemeinschaft Ottersberg. Die aktiven Mitglieder der Dorfgemeinschaft Ottersberg engagieren sich zur F\u00f6rderung des guten Zusammenlebens,&nbsp;der Kommunikation&nbsp;und der gegenseitigen Unterst\u00fctzung \u00fcber Generationen hinweg,&nbsp;damit sich m\u00f6glichst alle Einwohner:innen in [&hellip;]<\/p>\n","protected":false},"author":1,"featured_media":0,"parent":0,"menu_order":0,"comment_status":"closed","ping_status":"open","template":"page-templates\/full-width-page.php","meta":{"footnotes":""},"class_list":["post-4","page","type-page","status-publish","hentry"],"jetpack_sharing_enabled":true,"_links":{"self":[{"href":"https:\/\/dorfgemeinschaft-ottersberg.de\/index.php?rest_route=\/wp\/v2\/pages\/4","targetHints":{"allow":["GET"]}}],"collection":[{"href":"https:\/\/dorfgemeinschaft-ottersberg.de\/index.php?rest_route=\/wp\/v2\/pages"}],"about":[{"href":"https:\/\/dorfgemeinschaft-ottersberg.de\/index.php?rest_route=\/wp\/v2\/types\/page"}],"author":[{"embeddable":true,"href":"https:\/\/dorfgemeinschaft-ottersberg.de\/index.php?rest_route=\/wp\/v2\/users\/1"}],"replies":[{"embeddable":true,"href":"https:\/\/dorfgemeinschaft-ottersberg.de\/index.php?rest_route=%2Fwp%2Fv2%2Fcomments&post=4"}],"version-history":[{"count":20,"href":"https:\/\/dorfgemeinschaft-ottersberg.de\/index.php?rest_route=\/wp\/v2\/pages\/4\/revisions"}],"predecessor-version":[{"id":1111,"href":"https:\/\/dorfgemeinschaft-ottersberg.de\/index.php?rest_route=\/wp\/v2\/pages\/4\/revisions\/1111"}],"wp:attachment":[{"href":"https:\/\/dorfgemeinschaft-ottersberg.de\/index.php?rest_route=%2Fwp%2Fv2%2Fmedia&parent=4"}],"curies":[{"name":"wp","href":"https:\/\/api.w.org\/{rel}","templated":true}]}}